{"id":1031,"date":"2024-03-19T01:28:46","date_gmt":"2024-03-19T01:28:46","guid":{"rendered":"http:\/\/Furkan"},"modified":"2024-03-30T08:47:47","modified_gmt":"2024-03-30T08:47:47","slug":"hakkimda","status":"publish","type":"page","link":"https:\/\/furkangunes.com.tr\/blog\/hakkimda","title":{"rendered":"Hakk\u0131mda"},"content":{"rendered":"\r\n<p><\/p>\r\n<p><\/p>\r\n<p>Ben A\u011fr\u0131 ilimizin Do\u011fubayaz\u0131t il\u00e7esinde 1991 y\u0131l\u0131nda do\u011fdum.<\/p>\r\n<p>E\u011fitim hayat\u0131ma 1997 y\u0131l\u0131nda sekiz y\u0131ll\u0131k zorunlu e\u011fitim i\u00e7in ilkokul ile ba\u015flad\u0131m. \u0130lkokul birinci s\u0131n\u0131f ilk d\u00f6nemini Adana ilimizin Y\u00fcre\u011fir il\u00e7esindeki Mehmet Ali Y\u0131lmaz \u0130lkokulu\u2019nda (1997-1998), birinci s\u0131n\u0131f ikinci d\u00f6nemini A\u011fr\u0131 ilimizin Do\u011fubayaz\u0131t il\u00e7esindeki Atat\u00fcrk ilkokulunda (1998-2000), d\u00f6rd\u00fcnc\u00fc s\u0131n\u0131fa kadar okudum. D\u00f6rd\u00fcnc\u00fc s\u0131n\u0131ftan itibaren Do\u011fubayaz\u0131t il\u00e7esindeki Yat\u0131l\u0131 \u0130lk\u00f6\u011fretim B\u00f6lge Okulunda (Y\u0130BO &#8211; g\u00fcncel ad\u0131: Yat\u0131l\u0131 B\u00f6lge Ortaokulu) okudum (2000-2005). \u0130lkokulda t\u00fcm s\u0131n\u0131flarda t\u00fcm d\u00f6nem sonlar\u0131nda Takdir Belgesi ald\u0131m.<\/p>\r\n<p>Hen\u00fcz ilkokul \u00fc\u00e7\u00fcnc\u00fc s\u0131n\u0131ftayken (1999-2000), okulumuzda \u00f6\u011frenciler i\u00e7in bir bilgisayar k\u00fct\u00fcphanemiz bile yokken, dersler aras\u0131nda yer alan Bilgisayar dersi i\u00e7in, kitap zorunlulu\u011fu olmamas\u0131na ra\u011fmen aileme bilgisayar dersinin kitab\u0131n\u0131 ald\u0131rm\u0131\u015ft\u0131m (o y\u0131llarda aileler \u00f6\u011frencilerin kitaplar\u0131n\u0131 kendileri k\u0131rtasiyelerden temin etmek zorundayd\u0131). Bilgisayar kitab\u0131n\u0131 ba\u015ftan sona defalarca okuyarak neredeyse her sayfas\u0131n\u0131 ezberlemi\u015ftim (o zaman ki Word ve Paint sayfalar\u0131n\u0131 h\u00e2l\u00e2 hat\u0131rl\u0131yorum).<\/p>\r\n<p>Sonradan ge\u00e7ti\u011fim Do\u011fubayaz\u0131t Y\u0130BO\u2019da Bilgisayar K\u00fct\u00fcphanesi vard\u0131. Bilgisayara olan merak\u0131m\u0131 bu k\u00fct\u00fcphanede gidermeye \u00e7al\u0131\u015ft\u0131m. Ancak \u00e7ok k\u0131s\u0131tl\u0131 ders s\u00fcresi y\u00fcz\u00fcnden bilgisayarlarda yapt\u0131\u011f\u0131m her ara\u015ft\u0131rma yar\u0131m kal\u0131yordu.<\/p>\r\n<p>\u0130lkokul e\u011fitimimi 2005 y\u0131l\u0131nda Do\u011fubayaz\u0131t Y\u0130BO\u2019da hi\u00e7 s\u0131n\u0131fta kalmadan sekiz y\u0131lda tamamlad\u0131m.<\/p>\r\n<p>Lise e\u011fitimime ise 2005 y\u0131l\u0131nda Do\u011fubayaz\u0131t il\u00e7esindeki Anadolu Ery\u0131lmaz Anadolu Lisesi\u2019nde ba\u015flad\u0131m. Lise\u2019de Bilgisayar derslerinde hocalar\u0131m\u0131z\u0131n yard\u0131m\u0131yla ilk web siteleriyle tan\u0131\u015fma f\u0131rsat\u0131 buldum. \u00d6zellikle web sitelerinin nas\u0131l yap\u0131ld\u0131\u011f\u0131 hususu beni \u00e7ok merakland\u0131r\u0131yor, bu konuda hem ara\u015ft\u0131rmaya hem icraate gidiyordum.<\/p>\r\n<p>Lisenin daha en ba\u015f\u0131nda evimize babamdan \u00e7ok isteyerek 12 ay taksitle zorlanarak \u00f6demesine bile raz\u0131 ederek ald\u0131rd\u0131\u011f\u0131m bilgisayar\u0131m\u0131z \u00fczerinde akla-hayale gelebilecek her \u015feyi deniyordum, \u00f6\u011freniyordum. O d\u00f6nemde bilgisayar dergilerini sat\u0131n alarak bilgilerimi daha da art\u0131r\u0131yordum. Bu d\u00f6nemde hen\u00fcz internet ile bulu\u015fturamad\u0131\u011f\u0131m\u0131z aile bilgisayar\u0131m\u0131za ilk \u00e7evirim d\u0131\u015f\u0131 web sitemi t\u00fcm bu bilgi birikimi ve tecr\u00fcbeler \u0131\u015f\u0131\u011f\u0131nda kurabilmi\u015ftim. Bu web sitesinin aray\u00fcz\u00fc \u00e7ok sade ve bilgisayardaki klas\u00f6rleri gezmeye yar\u0131yordu.<\/p>\r\n<p>Lisede hocalar\u0131m\u0131z\u0131n etkisiyle ilk internet sitesi a\u00e7ma te\u015febb\u00fcs\u00fcn\u00fc ba\u015far\u0131yla ger\u00e7ekle\u015ftirdim. Daha sonra bir\u00e7ok web sitesi a\u00e7t\u0131m. Sadece web sitesi a\u00e7makla kalmad\u0131m, resim-video d\u00fczenlemeye de merak sald\u0131m. Bilgisayarda bir\u00e7ok program deneyip \u00f6\u011frenmeye \u00e7al\u0131\u015ft\u0131m. \u0130lk kameral\u0131 telefon sahibi oldu\u011fumda foto\u011fraf\u00e7\u0131lar gibi foto\u011fraf-video \u00e7ekmeye \u00e7al\u0131\u015ft\u0131m. T\u00fcm bunlar sayesinde tecr\u00fcbelerim olu\u015ftu.<\/p>\r\n<p>Lise \u00f6\u011frenimimi hi\u00e7 s\u0131n\u0131fta kalmadan 100 puanl\u0131k sisteme g\u00f6re 79,59\u2019luk ortalamayla 2009 y\u0131l\u0131nda tamamlad\u0131m.<\/p>\r\n<p>\u00dcniversite e\u011fitimime ise 2010 y\u0131l\u0131nda A\u011fr\u0131 \u0130brahim \u00c7e\u00e7en \u00dcniversitesi Hem\u015firelik Y\u00fcksekokulu\u2019nda ba\u015flad\u0131m. Hem\u015firelik b\u00f6l\u00fcm\u00fcn\u00fc hi\u00e7 alttan ders b\u0131rakmadan ve d\u00f6nem uzatmadan 4 y\u0131lda, 4\u2019l\u00fc sisteme g\u00f6re 2.70\u2019lik ortalamayla, 2014 y\u0131l\u0131nda tamamlad\u0131m.<\/p>\r\n<p>\u0130\u015f hayat\u0131na ilk resmi ba\u015flang\u0131c\u0131m 2015 y\u0131l\u0131n\u0131n Eyl\u00fcl ay\u0131nda Van merkezdeki \u00f6zel Lokman Hekim Hastanesi ile oldu. Hastane i\u00e7erisinde Karma Servis \u2013 Endoskopi b\u00f6l\u00fcmlerinde iki ay kadar burada \u00e7al\u0131\u015ft\u0131ktan sonra KPSS ile 2015 y\u0131l\u0131n\u0131n Kas\u0131m ay\u0131nda Sakarya E\u011fitim ve Ara\u015ft\u0131rma Hastanesine (SEAH) s\u00fcresiz s\u00f6zle\u015fmeli olarak atand\u0131m. Kamuya ge\u00e7i\u015fim bu sayede sa\u011flanm\u0131\u015f oldu. 2016 y\u0131l\u0131nda ise tekrar kamuya hem\u015fire atamalar\u0131 ger\u00e7ekle\u015ftirilirken atama hakk\u0131m\u0131 bir kez daha kulland\u0131m ve kadrolu olarak tekrar ayn\u0131 hastaneye atamam ger\u00e7ekle\u015fti.<\/p>\r\n<p>2015-2017 y\u0131llar\u0131 aras\u0131nda SEAH\u2019da Onkoloji Servisinde Hem\u015firelik g\u00f6revini icra ettim. 2017 \u015eubat \u2013 2017 Temmuz aras\u0131 k\u0131sa d\u00f6nem zorunlu askerlik g\u00f6revimi (acemi birli\u011fim Mebs Okulu Ve E\u011fitim Merkezi Komutanl\u0131\u011f\u0131\/Mamak\/Ankara, usta birli\u011fim 39&#8217;uncu Mekanize Piyade T\u00fcmeni Lojistik Destek Komutanl\u0131\u011f\u0131 Birinci Basamak Muayene Merkezi\/Tepeba\u015f\u0131\/Girne\/Kuzey K\u0131br\u0131s T\u00fcrk Cumhuriyeti) yaparak vatana olan borcumu \u00f6dedim. 2017 y\u0131l\u0131n\u0131n Temmuz ay\u0131ndan itibaren g\u00f6revime SEAH\u2019daki Anestezi ve Reanimasyon Yo\u011fun Bak\u0131m \u00dcnitesinde (AYB\u00dc) ba\u015flad\u0131m. Bu yaz\u0131y\u0131 yazd\u0131\u011f\u0131m 2024 y\u0131l\u0131n\u0131n \u015eubat ay\u0131 itibar\u0131yla AYB\u00dc\u2019de Hem\u015firelik mesle\u011fime devam etmekteyim.<\/p>\r\n<p><\/p>\r\n","protected":false},"excerpt":{"rendered":"","protected":false},"author":1,"featured_media":0,"parent":0,"menu_order":0,"comment_status":"closed","ping_status":"closed","template":"","meta":{"footnotes":""},"class_list":["post-1031","page","type-page","status-publish","hentry"],"_links":{"self":[{"href":"https:\/\/furkangunes.com.tr\/blog\/wp-json\/wp\/v2\/pages\/1031","targetHints":{"allow":["GET"]}}],"collection":[{"href":"https:\/\/furkangunes.com.tr\/blog\/wp-json\/wp\/v2\/pages"}],"about":[{"href":"https:\/\/furkangunes.com.tr\/blog\/wp-json\/wp\/v2\/types\/page"}],"author":[{"embeddable":true,"href":"https:\/\/furkangunes.com.tr\/blog\/wp-json\/wp\/v2\/users\/1"}],"replies":[{"embeddable":true,"href":"https:\/\/furkangunes.com.tr\/blog\/wp-json\/wp\/v2\/comments?post=1031"}],"version-history":[{"count":2,"href":"https:\/\/furkangunes.com.tr\/blog\/wp-json\/wp\/v2\/pages\/1031\/revisions"}],"predecessor-version":[{"id":1111,"href":"https:\/\/furkangunes.com.tr\/blog\/wp-json\/wp\/v2\/pages\/1031\/revisions\/1111"}],"wp:attachment":[{"href":"https:\/\/furkangunes.com.tr\/blog\/wp-json\/wp\/v2\/media?parent=1031"}],"curies":[{"name":"wp","href":"https:\/\/api.w.org\/{rel}","templated":true}]}}