{"id":1032,"date":"2024-03-19T01:28:47","date_gmt":"2024-03-19T01:28:47","guid":{"rendered":"http:\/\/Furkan"},"modified":"2024-03-19T01:35:17","modified_gmt":"2024-03-19T01:35:17","slug":"iletisim","status":"publish","type":"page","link":"https:\/\/furkangunes.com.tr\/blog\/iletisim","title":{"rendered":"\u0130leti\u015fim"},"content":{"rendered":"<style id=\"wpforms-css-vars-1074\">\n\t\t\t\t#wpforms-1074 {\n\t\t\t\t\n\t\t\t}\n\t\t\t<\/style><div class=\"wpforms-container wpforms-container-full wpforms-render-modern\" id=\"wpforms-1074\"><form id=\"wpforms-form-1074\" class=\"wpforms-validate wpforms-form wpforms-ajax-form\" data-formid=\"1074\" method=\"post\" enctype=\"multipart\/form-data\" action=\"\/blog\/wp-json\/wp\/v2\/pages\/1032\" data-token=\"b42c654643aeadf32c5a00dd0ece8008\" data-token-time=\"1778416378\"><noscript class=\"wpforms-error-noscript\">Bu formu bitirebilmek i\u00e7in taray\u0131c\u0131n\u0131zda JavaScript&#039;i etkinle\u015ftirin.<\/noscript><div id=\"wpforms-error-noscript\" style=\"display: none;\">Bu formu bitirebilmek i\u00e7in taray\u0131c\u0131n\u0131zda JavaScript&#039;i etkinle\u015ftirin.<\/div><div class=\"wpforms-field-container\"><div id=\"wpforms-1074-field_0-container\" class=\"wpforms-field wpforms-field-name\" data-field-id=\"0\"><fieldset><legend class=\"wpforms-field-label\">Ad Soyad <span class=\"wpforms-required-label\" aria-hidden=\"true\">*<\/span><\/legend><div class=\"wpforms-field-row wpforms-field-medium\"><div class=\"wpforms-field-row-block wpforms-first wpforms-one-half\"><input type=\"text\" id=\"wpforms-1074-field_0\" class=\"wpforms-field-name-first wpforms-field-required\" name=\"wpforms[fields][0][first]\" placeholder=\"Ad\u0131n\u0131z\u0131 girin\" aria-errormessage=\"wpforms-1074-field_0-error\" required><label for=\"wpforms-1074-field_0\" class=\"wpforms-field-sublabel after wpforms-sublabel-hide\">Ad<\/label><\/div><div class=\"wpforms-field-row-block wpforms-one-half\"><input type=\"text\" id=\"wpforms-1074-field_0-last\" class=\"wpforms-field-name-last wpforms-field-required\" name=\"wpforms[fields][0][last]\" placeholder=\"Soyad\u0131n\u0131z\u0131 girin\" aria-errormessage=\"wpforms-1074-field_0-last-error\" required><label for=\"wpforms-1074-field_0-last\" class=\"wpforms-field-sublabel after wpforms-sublabel-hide\">Soyad<\/label><\/div><\/div><\/fieldset><\/div><div id=\"wpforms-1074-field_1-container\" class=\"wpforms-field wpforms-field-email\" data-field-id=\"1\"><label class=\"wpforms-field-label\" for=\"wpforms-1074-field_1\">E-Posta <span class=\"wpforms-required-label\" aria-hidden=\"true\">*<\/span><\/label><input type=\"email\" id=\"wpforms-1074-field_1\" class=\"wpforms-field-medium wpforms-field-required\" name=\"wpforms[fields][1]\" placeholder=\"E-posta adresinizi girin\" spellcheck=\"false\" aria-errormessage=\"wpforms-1074-field_1-error\" aria-describedby=\"wpforms-1074-field_1-description\" required><div id=\"wpforms-1074-field_1-description\" class=\"wpforms-field-description\">E-posta adresinizi do\u011fru girin. \u00d6rnek: kullan\u0131c\u0131@hotmail.com<\/div><\/div><div id=\"wpforms-1074-field_2-container\" class=\"wpforms-field wpforms-field-textarea\" data-field-id=\"2\"><label class=\"wpforms-field-label\" for=\"wpforms-1074-field_2\">Mesaj\u0131n\u0131z <span class=\"wpforms-required-label\" aria-hidden=\"true\">*<\/span><\/label><textarea id=\"wpforms-1074-field_2\" class=\"wpforms-field-medium wpforms-field-required\" name=\"wpforms[fields][2]\" placeholder=\"\u0130letmek istedi\u011finiz mesaj\u0131 buraya yaz\u0131n\" aria-errormessage=\"wpforms-1074-field_2-error\" required><\/textarea><\/div><\/div><!-- .wpforms-field-container --><div class=\"wpforms-submit-container\" ><input type=\"hidden\" name=\"wpforms[id]\" value=\"1074\"><input type=\"hidden\" name=\"page_title\" value=\"\"><input type=\"hidden\" name=\"page_url\" value=\"https:\/\/furkangunes.com.tr\/blog\/wp-json\/wp\/v2\/pages\/1032\"><input type=\"hidden\" name=\"url_referer\" value=\"\"><button type=\"submit\" name=\"wpforms[submit]\" id=\"wpforms-submit-1074\" class=\"wpforms-submit\" data-alt-text=\"G\u00f6nderiliyor...\" data-submit-text=\"G\u00f6nder\" aria-live=\"assertive\" value=\"wpforms-submit\">G\u00f6nder<\/button><img decoding=\"async\" src=\"https:\/\/furkangunes.com.tr\/blog\/wp-content\/plugins\/wpforms-lite\/assets\/images\/submit-spin.svg\" class=\"wpforms-submit-spinner\" style=\"display: none;\" width=\"26\" height=\"26\" alt=\"Y\u00fckleniyor\" title=\"\"><\/div><\/form><\/div>  <!-- .wpforms-container -->\n","protected":false},"excerpt":{"rendered":"","protected":false},"author":1,"featured_media":0,"parent":0,"menu_order":0,"comment_status":"closed","ping_status":"closed","template":"","meta":{"footnotes":""},"class_list":["post-1032","page","type-page","status-publish","hentry"],"_links":{"self":[{"href":"https:\/\/furkangunes.com.tr\/blog\/wp-json\/wp\/v2\/pages\/1032","targetHints":{"allow":["GET"]}}],"collection":[{"href":"https:\/\/furkangunes.com.tr\/blog\/wp-json\/wp\/v2\/pages"}],"about":[{"href":"https:\/\/furkangunes.com.tr\/blog\/wp-json\/wp\/v2\/types\/page"}],"author":[{"embeddable":true,"href":"https:\/\/furkangunes.com.tr\/blog\/wp-json\/wp\/v2\/users\/1"}],"replies":[{"embeddable":true,"href":"https:\/\/furkangunes.com.tr\/blog\/wp-json\/wp\/v2\/comments?post=1032"}],"version-history":[{"count":2,"href":"https:\/\/furkangunes.com.tr\/blog\/wp-json\/wp\/v2\/pages\/1032\/revisions"}],"predecessor-version":[{"id":1076,"href":"https:\/\/furkangunes.com.tr\/blog\/wp-json\/wp\/v2\/pages\/1032\/revisions\/1076"}],"wp:attachment":[{"href":"https:\/\/furkangunes.com.tr\/blog\/wp-json\/wp\/v2\/media?parent=1032"}],"curies":[{"name":"wp","href":"https:\/\/api.w.org\/{rel}","templated":true}]}}