{"id":950,"date":"2024-03-19T01:25:56","date_gmt":"2024-03-19T01:25:56","guid":{"rendered":"https:\/\/furkangunes.com.tr\/blog\/web-siteler-ve-referanslar"},"modified":"2024-05-13T18:49:22","modified_gmt":"2024-05-13T18:49:22","slug":"web-siteler-ve-referanslar","status":"publish","type":"page","link":"https:\/\/furkangunes.com.tr\/blog\/web-siteler-ve-referanslar","title":{"rendered":"Web Siteler ve Referanslar"},"content":{"rendered":"\t\t<div data-elementor-type=\"wp-page\" data-elementor-id=\"950\" class=\"elementor elementor-950\" data-elementor-post-type=\"page\">\n\t\t\t\t<div class=\"elementor-element elementor-element-575ff399 e-flex e-con-boxed e-con e-parent\" data-id=\"575ff399\" data-element_type=\"container\" data-e-type=\"container\">\n\t\t\t\t\t<div class=\"e-con-inner\">\n\t\t\t\t<div class=\"elementor-element elementor-element-4dc34289 elementor-widget elementor-widget-text-editor\" data-id=\"4dc34289\" data-element_type=\"widget\" data-e-type=\"widget\" data-widget_type=\"text-editor.default\">\n\t\t\t\t<div class=\"elementor-widget-container\">\n\t\t\t\t\t\t\t\t\t<p>Bizzat taraf\u0131mca haz\u0131rlan\u0131p kullan\u0131ma sunulmu\u015f web siteleri ve referanslar\u0131m<\/p>\t\t\t\t\t\t\t\t<\/div>\n\t\t\t\t<\/div>\n\t\t\t\t<div class=\"elementor-element elementor-element-2c52a7fd elementor-widget elementor-widget-accordion\" data-id=\"2c52a7fd\" data-element_type=\"widget\" data-e-type=\"widget\" data-widget_type=\"accordion.default\">\n\t\t\t\t<div class=\"elementor-widget-container\">\n\t\t\t\t\t\t\t<div class=\"elementor-accordion\">\n\t\t\t\t\t\t\t<div class=\"elementor-accordion-item\">\n\t\t\t\t\t<div id=\"elementor-tab-title-7431\" class=\"elementor-tab-title\" data-tab=\"1\" role=\"button\" aria-controls=\"elementor-tab-content-7431\" aria-expanded=\"false\">\n\t\t\t\t\t\t\t\t\t\t\t\t<a class=\"elementor-accordion-title\" tabindex=\"0\"><\/a>\n\t\t\t\t\t<\/div>\n\t\t\t\t\t<div id=\"elementor-tab-content-7431\" class=\"elementor-tab-content elementor-clearfix\" data-tab=\"1\" role=\"region\" aria-labelledby=\"elementor-tab-title-7431\"><\/div>\n\t\t\t\t<\/div>\n\t\t\t\t\t\t\t<div class=\"elementor-accordion-item\">\n\t\t\t\t\t<div id=\"elementor-tab-title-7432\" class=\"elementor-tab-title\" data-tab=\"2\" role=\"button\" aria-controls=\"elementor-tab-content-7432\" aria-expanded=\"false\">\n\t\t\t\t\t\t\t\t\t\t\t\t<a class=\"elementor-accordion-title\" tabindex=\"0\">1) www.dogunungunesi.com<\/a>\n\t\t\t\t\t<\/div>\n\t\t\t\t\t<div id=\"elementor-tab-content-7432\" class=\"elementor-tab-content elementor-clearfix\" data-tab=\"2\" role=\"region\" aria-labelledby=\"elementor-tab-title-7432\"><table width=\"605\"><tbody><tr><td width=\"264\"><p><strong>Domain<\/strong><br \/>dogunungunesi.com<\/p><\/td><td width=\"161\"><p><strong>A\u00e7\u0131l\u0131\u015f y\u0131l\u0131<br \/><\/strong>2007<\/p><\/td><td width=\"180\"><p><strong>Kapan\u0131\u015f y\u0131l\u0131<br \/><\/strong>2008<\/p><\/td><\/tr><tr><td width=\"264\"><p><strong>Hosting<br \/><\/strong>Kebirhost Linux Payla\u015f\u0131ml\u0131 Sunucu<\/p><\/td><td colspan=\"2\" width=\"341\"><p><strong>CMS<\/strong><br \/>Simple Machines Forum<\/p><\/td><\/tr><tr><td width=\"264\"><p><strong>Alan<\/strong><\/p><p>Forum<\/p><\/td><td colspan=\"2\" width=\"341\"><p><strong>Sekt\u00f6r<\/strong><\/p><p>Bilgi Payla\u015f\u0131m Platformu<\/p><\/td><\/tr><\/tbody><\/table><\/div>\n\t\t\t\t<\/div>\n\t\t\t\t\t\t\t<div class=\"elementor-accordion-item\">\n\t\t\t\t\t<div id=\"elementor-tab-title-7433\" class=\"elementor-tab-title\" data-tab=\"3\" role=\"button\" aria-controls=\"elementor-tab-content-7433\" aria-expanded=\"false\">\n\t\t\t\t\t\t\t\t\t\t\t\t<a class=\"elementor-accordion-title\" tabindex=\"0\">2) www.technodestek.net<\/a>\n\t\t\t\t\t<\/div>\n\t\t\t\t\t<div id=\"elementor-tab-content-7433\" class=\"elementor-tab-content elementor-clearfix\" data-tab=\"3\" role=\"region\" aria-labelledby=\"elementor-tab-title-7433\"><table width=\"605\"><tbody><tr><td width=\"264\"><p><strong>Domain<\/strong><br \/>technodestek.net<\/p><\/td><td width=\"161\"><p><strong>A\u00e7\u0131l\u0131\u015f y\u0131l\u0131<br \/><\/strong>2008<\/p><\/td><td width=\"180\"><p><strong>Kapan\u0131\u015f y\u0131l\u0131<br \/><\/strong>2009<\/p><\/td><\/tr><tr><td width=\"264\"><p><strong>Hosting<br \/><\/strong><em>(Unuttum)<\/em><\/p><\/td><td colspan=\"2\" width=\"341\"><p><strong>CMS<\/strong><br \/>Simple Machines Forum<\/p><p>\u00a0<\/p><\/td><\/tr><tr><td width=\"264\"><p><strong>Alan<\/strong><\/p><p>Forum<\/p><\/td><td colspan=\"2\" width=\"341\"><p><strong>Sekt\u00f6r<\/strong><\/p><p>Bilgi Payla\u015f\u0131m Platformu<\/p><\/td><\/tr><\/tbody><\/table><\/div>\n\t\t\t\t<\/div>\n\t\t\t\t\t\t\t<div class=\"elementor-accordion-item\">\n\t\t\t\t\t<div id=\"elementor-tab-title-7434\" class=\"elementor-tab-title\" data-tab=\"4\" role=\"button\" aria-controls=\"elementor-tab-content-7434\" aria-expanded=\"false\">\n\t\t\t\t\t\t\t\t\t\t\t\t<a class=\"elementor-accordion-title\" tabindex=\"0\">3) www.technodestek.com<\/a>\n\t\t\t\t\t<\/div>\n\t\t\t\t\t<div id=\"elementor-tab-content-7434\" class=\"elementor-tab-content elementor-clearfix\" data-tab=\"4\" role=\"region\" aria-labelledby=\"elementor-tab-title-7434\"><table width=\"605\"><tbody><tr><td width=\"264\"><p><strong>Domain<\/strong><br \/>technodestek.com<\/p><\/td><td width=\"161\"><p><strong>A\u00e7\u0131l\u0131\u015f y\u0131l\u0131<br \/><\/strong>2010<\/p><\/td><td width=\"180\"><p><strong>Kapan\u0131\u015f y\u0131l\u0131<br \/><\/strong>2011<\/p><\/td><\/tr><tr><td width=\"264\"><p><strong>Hosting<br \/><\/strong><em>(Unuttum)<\/em><\/p><\/td><td colspan=\"2\" width=\"341\"><p><strong>CMS<\/strong><br \/>Simple Machines Forum<\/p><\/td><\/tr><tr><td width=\"264\"><p><strong>Alan<\/strong><\/p><p>Forum<\/p><\/td><td colspan=\"2\" width=\"341\"><p><strong>Sekt\u00f6r<\/strong><\/p><p>Bilgi Payla\u015f\u0131m Platformu<\/p><\/td><\/tr><\/tbody><\/table><\/div>\n\t\t\t\t<\/div>\n\t\t\t\t\t\t\t<div class=\"elementor-accordion-item\">\n\t\t\t\t\t<div id=\"elementor-tab-title-7435\" class=\"elementor-tab-title\" data-tab=\"5\" role=\"button\" aria-controls=\"elementor-tab-content-7435\" aria-expanded=\"false\">\n\t\t\t\t\t\t\t\t\t\t\t\t<a class=\"elementor-accordion-title\" tabindex=\"0\">4) www.teknolojinator.org<\/a>\n\t\t\t\t\t<\/div>\n\t\t\t\t\t<div id=\"elementor-tab-content-7435\" class=\"elementor-tab-content elementor-clearfix\" data-tab=\"5\" role=\"region\" aria-labelledby=\"elementor-tab-title-7435\"><p><img fetchpriority=\"high\" decoding=\"async\" class=\"alignnone size-full wp-image-762\" src=\"https:\/\/furkangunes.com.tr\/blog\/wp-content\/uploads\/2024\/02\/teknolojinator.com_.png\" alt=\"\" width=\"640\" height=\"327\" title=\"\" srcset=\"https:\/\/furkangunes.com.tr\/blog\/wp-content\/uploads\/2024\/02\/teknolojinator.com_.png 640w, https:\/\/furkangunes.com.tr\/blog\/wp-content\/uploads\/2024\/02\/teknolojinator.com_-300x153.png 300w\" sizes=\"(max-width: 640px) 100vw, 640px\" \/><\/p><table width=\"605\"><tbody><tr><td width=\"264\"><p><strong>Domain<\/strong><br \/>teknolojinator.org<\/p><\/td><td width=\"161\"><p><strong>A\u00e7\u0131l\u0131\u015f y\u0131l\u0131<br \/><\/strong>2013<\/p><\/td><td width=\"180\"><p><strong>Kapan\u0131\u015f y\u0131l\u0131<br \/><\/strong>2014<\/p><\/td><\/tr><tr><td width=\"264\"><p><strong>Hosting<br \/><\/strong><em>(Unuttum)<\/em><\/p><\/td><td colspan=\"2\" width=\"341\"><p><strong>CMS<\/strong><br \/>Simple Machines Forum<br \/>Wordpress<\/p><\/td><\/tr><tr><td width=\"264\"><p><strong>Alan<\/strong><\/p><p>Forum<\/p><p>Blog<\/p><\/td><td colspan=\"2\" width=\"341\"><p><strong>Sekt\u00f6r<\/strong><\/p><p>Bilgi Payla\u015f\u0131m Platformu<\/p><\/td><\/tr><\/tbody><\/table><\/div>\n\t\t\t\t<\/div>\n\t\t\t\t\t\t\t<div class=\"elementor-accordion-item\">\n\t\t\t\t\t<div id=\"elementor-tab-title-7436\" class=\"elementor-tab-title\" data-tab=\"6\" role=\"button\" aria-controls=\"elementor-tab-content-7436\" aria-expanded=\"false\">\n\t\t\t\t\t\t\t\t\t\t\t\t<a class=\"elementor-accordion-title\" tabindex=\"0\">5) www.zenfonasus.com<\/a>\n\t\t\t\t\t<\/div>\n\t\t\t\t\t<div id=\"elementor-tab-content-7436\" class=\"elementor-tab-content elementor-clearfix\" data-tab=\"6\" role=\"region\" aria-labelledby=\"elementor-tab-title-7436\"><table width=\"605\"><tbody><tr><td width=\"264\"><p><strong>Domain<\/strong><br \/>zenfonasus.com<\/p><\/td><td width=\"161\"><p><strong>A\u00e7\u0131l\u0131\u015f y\u0131l\u0131<br \/><\/strong>2014<\/p><\/td><td width=\"180\"><p><strong>Kapan\u0131\u015f y\u0131l\u0131<br \/><\/strong>2019<\/p><\/td><\/tr><tr><td width=\"264\"><p><strong>Hosting<br \/><\/strong>Turhost<\/p><\/td><td colspan=\"2\" width=\"341\"><p><strong>CMS<\/strong><br \/>Wordpress<\/p><\/td><\/tr><tr><td width=\"264\"><p><strong>Alan<\/strong><\/p><p>Blog<\/p><\/td><td colspan=\"2\" width=\"341\"><p><strong>Sekt\u00f6r<\/strong><\/p><p>Bilgi Payla\u015f\u0131m Platformu<\/p><\/td><\/tr><\/tbody><\/table><\/div>\n\t\t\t\t<\/div>\n\t\t\t\t\t\t\t<div class=\"elementor-accordion-item\">\n\t\t\t\t\t<div id=\"elementor-tab-title-7437\" class=\"elementor-tab-title\" data-tab=\"7\" role=\"button\" aria-controls=\"elementor-tab-content-7437\" aria-expanded=\"false\">\n\t\t\t\t\t\t\t\t\t\t\t\t<a class=\"elementor-accordion-title\" tabindex=\"0\">6) www.galaxydestek.com<\/a>\n\t\t\t\t\t<\/div>\n\t\t\t\t\t<div id=\"elementor-tab-content-7437\" class=\"elementor-tab-content elementor-clearfix\" data-tab=\"7\" role=\"region\" aria-labelledby=\"elementor-tab-title-7437\"><p><img decoding=\"async\" class=\"alignnone size-full wp-image-756\" src=\"https:\/\/furkangunes.com.tr\/blog\/wp-content\/uploads\/2024\/02\/galaxydestek.com_-scaled-1.jpg\" alt=\"\" width=\"2560\" height=\"1440\" title=\"\" srcset=\"https:\/\/furkangunes.com.tr\/blog\/wp-content\/uploads\/2024\/02\/galaxydestek.com_-scaled-1.jpg 2560w, https:\/\/furkangunes.com.tr\/blog\/wp-content\/uploads\/2024\/02\/galaxydestek.com_-scaled-1-300x169.jpg 300w, https:\/\/furkangunes.com.tr\/blog\/wp-content\/uploads\/2024\/02\/galaxydestek.com_-scaled-1-1024x576.jpg 1024w, https:\/\/furkangunes.com.tr\/blog\/wp-content\/uploads\/2024\/02\/galaxydestek.com_-scaled-1-768x432.jpg 768w, https:\/\/furkangunes.com.tr\/blog\/wp-content\/uploads\/2024\/02\/galaxydestek.com_-scaled-1-1536x864.jpg 1536w, https:\/\/furkangunes.com.tr\/blog\/wp-content\/uploads\/2024\/02\/galaxydestek.com_-scaled-1-2048x1152.jpg 2048w, https:\/\/furkangunes.com.tr\/blog\/wp-content\/uploads\/2024\/02\/galaxydestek.com_-scaled-1-850x478.jpg 850w\" sizes=\"(max-width: 2560px) 100vw, 2560px\" \/><\/p><table width=\"605\"><tbody><tr><td width=\"264\"><p><strong>Domain<\/strong><br \/>galaxydestek.com<\/p><\/td><td width=\"161\"><p><strong>A\u00e7\u0131l\u0131\u015f y\u0131l\u0131<br \/><\/strong>2020<\/p><\/td><td width=\"180\"><p><strong>Kapan\u0131\u015f y\u0131l\u0131<br \/><\/strong>2021<\/p><\/td><\/tr><tr><td width=\"264\"><p><strong>Hosting<br \/><\/strong>Turhost<\/p><\/td><td colspan=\"2\" width=\"341\"><p><strong>CMS<\/strong><br \/>Wordpress<\/p><\/td><\/tr><tr><td width=\"264\"><p><strong>Alan<\/strong><\/p><p>Blog<\/p><\/td><td colspan=\"2\" width=\"341\"><p><strong>Sekt\u00f6r<\/strong><\/p><p>Bilgi Payla\u015f\u0131m Platformu<\/p><\/td><\/tr><\/tbody><\/table><\/div>\n\t\t\t\t<\/div>\n\t\t\t\t\t\t\t<div class=\"elementor-accordion-item\">\n\t\t\t\t\t<div id=\"elementor-tab-title-7438\" class=\"elementor-tab-title\" data-tab=\"8\" role=\"button\" aria-controls=\"elementor-tab-content-7438\" aria-expanded=\"false\">\n\t\t\t\t\t\t\t\t\t\t\t\t<a class=\"elementor-accordion-title\" tabindex=\"0\">7) www.siberkalem.com<\/a>\n\t\t\t\t\t<\/div>\n\t\t\t\t\t<div id=\"elementor-tab-content-7438\" class=\"elementor-tab-content elementor-clearfix\" data-tab=\"8\" role=\"region\" aria-labelledby=\"elementor-tab-title-7438\"><p><img decoding=\"async\" class=\"alignnone size-full wp-image-757\" src=\"https:\/\/furkangunes.com.tr\/blog\/wp-content\/uploads\/2024\/02\/siberkalem.com_.png\" alt=\"\" width=\"297\" height=\"64\" title=\"\"><\/p><table width=\"605\"><tbody><tr><td width=\"264\"><p><strong>Domain<\/strong><br \/><a href=\"https:\/\/siberkalem.com\" rel=\"nofollow noopener\" target=\"_blank\">siberkalem.com<\/a><\/p><\/td><td width=\"161\"><p><strong>A\u00e7\u0131l\u0131\u015f y\u0131l\u0131<br \/><\/strong>2020<\/p><\/td><td width=\"180\"><p><strong>Kapan\u0131\u015f y\u0131l\u0131<br \/><\/strong>&#8211;<\/p><\/td><\/tr><tr><td width=\"264\"><p><strong>Hosting<br \/><\/strong>Turhost<br \/>Hostgator<\/p><\/td><td colspan=\"2\" width=\"341\"><p><strong>CMS<\/strong><br \/>Wordpress<\/p><\/td><\/tr><tr><td width=\"264\"><p><strong>Alan<\/strong><\/p><p>Blog<\/p><\/td><td colspan=\"2\" width=\"341\"><p><strong>Sekt\u00f6r<\/strong><\/p><p>Bilgi Payla\u015f\u0131m Platformu<\/p><\/td><\/tr><\/tbody><\/table><\/div>\n\t\t\t\t<\/div>\n\t\t\t\t\t\t\t<div class=\"elementor-accordion-item\">\n\t\t\t\t\t<div id=\"elementor-tab-title-7439\" class=\"elementor-tab-title\" data-tab=\"9\" role=\"button\" aria-controls=\"elementor-tab-content-7439\" aria-expanded=\"false\">\n\t\t\t\t\t\t\t\t\t\t\t\t<a class=\"elementor-accordion-title\" tabindex=\"0\">8) www.furkangunes.com.tr<\/a>\n\t\t\t\t\t<\/div>\n\t\t\t\t\t<div id=\"elementor-tab-content-7439\" class=\"elementor-tab-content elementor-clearfix\" data-tab=\"9\" role=\"region\" aria-labelledby=\"elementor-tab-title-7439\"><p><img loading=\"lazy\" decoding=\"async\" class=\"alignnone size-full wp-image-1078\" src=\"https:\/\/furkangunes.com.tr\/blog\/wp-content\/uploads\/2024\/02\/cropped-favicon-1.png\" alt=\"\" width=\"512\" height=\"512\" title=\"\" srcset=\"https:\/\/furkangunes.com.tr\/blog\/wp-content\/uploads\/2024\/02\/cropped-favicon-1.png 512w, https:\/\/furkangunes.com.tr\/blog\/wp-content\/uploads\/2024\/02\/cropped-favicon-1-300x300.png 300w, https:\/\/furkangunes.com.tr\/blog\/wp-content\/uploads\/2024\/02\/cropped-favicon-1-150x150.png 150w, https:\/\/furkangunes.com.tr\/blog\/wp-content\/uploads\/2024\/02\/cropped-favicon-1-270x270.png 270w, https:\/\/furkangunes.com.tr\/blog\/wp-content\/uploads\/2024\/02\/cropped-favicon-1-192x192.png 192w, https:\/\/furkangunes.com.tr\/blog\/wp-content\/uploads\/2024\/02\/cropped-favicon-1-180x180.png 180w, https:\/\/furkangunes.com.tr\/blog\/wp-content\/uploads\/2024\/02\/cropped-favicon-1-32x32.png 32w\" sizes=\"(max-width: 512px) 100vw, 512px\" \/><\/p><table width=\"605\"><tbody><tr><td width=\"264\"><p><strong>Domain<\/strong><br \/><a href=\"https:\/\/furkangunes.com.tr\">furkangunes.com.tr<\/a><\/p><\/td><td width=\"161\"><p><strong>A\u00e7\u0131l\u0131\u015f y\u0131l\u0131<br \/><\/strong>2021<\/p><\/td><td width=\"180\"><p><strong>Kapan\u0131\u015f y\u0131l\u0131<br \/><\/strong>&#8211;<\/p><\/td><\/tr><tr><td width=\"264\"><p><strong>Hosting<br \/><\/strong>Turhost<\/p><\/td><td colspan=\"2\" width=\"341\"><p><strong>CMS<\/strong><br \/>Wordpress<\/p><\/td><\/tr><tr><td width=\"264\"><p><strong>Alan<\/strong><\/p><p>Blog<\/p><\/td><td colspan=\"2\" width=\"341\"><p><strong>Sekt\u00f6r<\/strong><\/p><p>Bilgi Payla\u015f\u0131m Platformu<\/p><\/td><\/tr><\/tbody><\/table><\/div>\n\t\t\t\t<\/div>\n\t\t\t\t\t\t\t<div class=\"elementor-accordion-item\">\n\t\t\t\t\t<div id=\"elementor-tab-title-74310\" class=\"elementor-tab-title\" data-tab=\"10\" role=\"button\" aria-controls=\"elementor-tab-content-74310\" aria-expanded=\"false\">\n\t\t\t\t\t\t\t\t\t\t\t\t<a class=\"elementor-accordion-title\" tabindex=\"0\">9) www.akuluarabadunyasi.com<\/a>\n\t\t\t\t\t<\/div>\n\t\t\t\t\t<div id=\"elementor-tab-content-74310\" class=\"elementor-tab-content elementor-clearfix\" data-tab=\"10\" role=\"region\" aria-labelledby=\"elementor-tab-title-74310\"><p><img loading=\"lazy\" decoding=\"async\" class=\"alignnone size-full wp-image-949\" src=\"https:\/\/furkangunes.com.tr\/blog\/wp-content\/uploads\/2024\/03\/akuluarabadunyasi.com_-2.jpg\" alt=\"\" width=\"1018\" height=\"760\" title=\"\" srcset=\"https:\/\/furkangunes.com.tr\/blog\/wp-content\/uploads\/2024\/03\/akuluarabadunyasi.com_-2.jpg 1018w, https:\/\/furkangunes.com.tr\/blog\/wp-content\/uploads\/2024\/03\/akuluarabadunyasi.com_-2-300x224.jpg 300w, https:\/\/furkangunes.com.tr\/blog\/wp-content\/uploads\/2024\/03\/akuluarabadunyasi.com_-2-768x573.jpg 768w, https:\/\/furkangunes.com.tr\/blog\/wp-content\/uploads\/2024\/03\/akuluarabadunyasi.com_-2-850x635.jpg 850w\" sizes=\"(max-width: 1018px) 100vw, 1018px\" \/><\/p><table width=\"605\"><tbody><tr><td width=\"264\"><p><strong>Domain<\/strong><br \/><a href=\"https:\/\/akuluarabadunyasi.com\" rel=\"nofollow noopener\" target=\"_blank\">akuluarabadunyasi.com<\/a><\/p><\/td><td width=\"161\"><p><strong>A\u00e7\u0131l\u0131\u015f y\u0131l\u0131<br \/><\/strong>2024<\/p><\/td><td width=\"180\"><p><strong>Kapan\u0131\u015f y\u0131l\u0131<br \/><\/strong>&#8211;<\/p><\/td><\/tr><tr><td width=\"264\"><p><strong>Hosting<br \/><\/strong>Turkticaret<br \/>Turhost<\/p><\/td><td colspan=\"2\" width=\"341\"><p><strong>CMS<\/strong><br \/>Wordpress<\/p><\/td><\/tr><tr><td width=\"264\"><p><strong>Alan<\/strong><\/p><p>E-Ticaret<\/p><\/td><td colspan=\"2\" width=\"341\"><p><strong>Sekt\u00f6r<\/strong><\/p><p>Oyuncak<\/p><\/td><\/tr><\/tbody><\/table><\/div>\n\t\t\t\t<\/div>\n\t\t\t\t\t\t\t<div class=\"elementor-accordion-item\">\n\t\t\t\t\t<div id=\"elementor-tab-title-74311\" class=\"elementor-tab-title\" data-tab=\"11\" role=\"button\" aria-controls=\"elementor-tab-content-74311\" aria-expanded=\"false\">\n\t\t\t\t\t\t\t\t\t\t\t\t<a class=\"elementor-accordion-title\" tabindex=\"0\">10) www.nasilbiryer.com.tr<\/a>\n\t\t\t\t\t<\/div>\n\t\t\t\t\t<div id=\"elementor-tab-content-74311\" class=\"elementor-tab-content elementor-clearfix\" data-tab=\"11\" role=\"region\" aria-labelledby=\"elementor-tab-title-74311\"><p><img loading=\"lazy\" decoding=\"async\" class=\"alignnone size-full wp-image-1147\" src=\"https:\/\/furkangunes.com.tr\/blog\/wp-content\/uploads\/2024\/05\/logo-soru-isareti-mavi-arkaplan.jpg\" alt=\"\" width=\"512\" height=\"512\" title=\"\" srcset=\"https:\/\/furkangunes.com.tr\/blog\/wp-content\/uploads\/2024\/05\/logo-soru-isareti-mavi-arkaplan.jpg 512w, https:\/\/furkangunes.com.tr\/blog\/wp-content\/uploads\/2024\/05\/logo-soru-isareti-mavi-arkaplan-300x300.jpg 300w, https:\/\/furkangunes.com.tr\/blog\/wp-content\/uploads\/2024\/05\/logo-soru-isareti-mavi-arkaplan-150x150.jpg 150w\" sizes=\"(max-width: 512px) 100vw, 512px\" \/><\/p><table width=\"605\"><tbody><tr><td width=\"264\"><p><strong>Domain<\/strong><br \/><a href=\"https:\/\/nasilbiryer.com.tr\/\" rel=\"nofollow noopener\" target=\"_blank\">nasilbiryer.com.tr<\/a><\/p><\/td><td width=\"161\"><p><strong>A\u00e7\u0131l\u0131\u015f y\u0131l\u0131<br \/><\/strong>2024<\/p><\/td><td width=\"180\"><p><strong>Kapan\u0131\u015f y\u0131l\u0131<br \/><\/strong>&#8211;<\/p><\/td><\/tr><tr><td width=\"264\"><p><strong>Hosting<br \/><\/strong>Brixly<\/p><\/td><td colspan=\"2\" width=\"341\"><p><strong>CMS<\/strong><br \/>Wordpress<\/p><\/td><\/tr><tr><td width=\"264\"><p><strong>Alan<\/strong><\/p><p>Bilgi<\/p><\/td><td colspan=\"2\" width=\"341\"><p><strong>Sekt\u00f6r<\/strong><\/p><p>\u015eehir<\/p><\/td><\/tr><\/tbody><\/table><\/div>\n\t\t\t\t<\/div>\n\t\t\t\t\t\t\t\t<\/div>\n\t\t\t\t\t\t<\/div>\n\t\t\t\t<\/div>\n\t\t\t\t\t<\/div>\n\t\t\t\t<\/div>\n\t\t\t\t<\/div>\n\t\t","protected":false},"excerpt":{"rendered":"<p>Bizzat taraf\u0131mca haz\u0131rlan\u0131p kullan\u0131ma sunulmu\u015f web siteleri ve referanslar\u0131m 1) www.dogunungunesi.com Domaindogunungunesi.com A\u00e7\u0131l\u0131\u015f y\u0131l\u01312007 Kapan\u0131\u015f&#46;&#46;&#46;<\/p>\n","protected":false},"author":1,"featured_media":0,"parent":0,"menu_order":0,"comment_status":"closed","ping_status":"closed","template":"","meta":{"footnotes":""},"class_list":["post-950","page","type-page","status-publish","hentry"],"_links":{"self":[{"href":"https:\/\/furkangunes.com.tr\/blog\/wp-json\/wp\/v2\/pages\/950","targetHints":{"allow":["GET"]}}],"collection":[{"href":"https:\/\/furkangunes.com.tr\/blog\/wp-json\/wp\/v2\/pages"}],"about":[{"href":"https:\/\/furkangunes.com.tr\/blog\/wp-json\/wp\/v2\/types\/page"}],"author":[{"embeddable":true,"href":"https:\/\/furkangunes.com.tr\/blog\/wp-json\/wp\/v2\/users\/1"}],"replies":[{"embeddable":true,"href":"https:\/\/furkangunes.com.tr\/blog\/wp-json\/wp\/v2\/comments?post=950"}],"version-history":[{"count":10,"href":"https:\/\/furkangunes.com.tr\/blog\/wp-json\/wp\/v2\/pages\/950\/revisions"}],"predecessor-version":[{"id":1151,"href":"https:\/\/furkangunes.com.tr\/blog\/wp-json\/wp\/v2\/pages\/950\/revisions\/1151"}],"wp:attachment":[{"href":"https:\/\/furkangunes.com.tr\/blog\/wp-json\/wp\/v2\/media?parent=950"}],"curies":[{"name":"wp","href":"https:\/\/api.w.org\/{rel}","templated":true}]}}